{"id":15,"date":"2024-07-28T22:06:21","date_gmt":"2024-07-28T20:06:21","guid":{"rendered":"http:\/\/pracaklucz.7cubes.pl\/?page_id=15"},"modified":"2024-07-30T07:41:37","modified_gmt":"2024-07-30T05:41:37","slug":"slownik-pojec","status":"publish","type":"page","link":"http:\/\/pracaklucz.7cubes.pl\/?page_id=15","title":{"rendered":"S\u0141OWNIK POJ\u0118\u0106"},"content":{"rendered":"\n<p><strong>Projekt &#8211; <\/strong>\u201ePraca \u2013 klucz do integracji\u201d realizowanym na terenie wojew\u00f3dztwa wielkopolskiego\u00a0w ramach Programu Fundusze Europejskie dla Wielkopolski 2021-2027 wsp\u00f3\u0142finansowanego ze \u015brodk\u00f3w Europejskiego Funduszu Spo\u0142ecznego Plus w ramach konkursu nr FEWP.06.12-IP.01-002\/23, og\u0142oszonego w ramach Osi Priorytetowej 6.; Dzia\u0142anie 6.12 Integracja spo\u0142eczno-gospodarcza obywateli pa\u0144stw trzecich, w tym migrant\u00f3w;<\/p>\n\n\n\n<p><strong>Projektodawca <\/strong>\u2013 7 Cubes Sp. z o.o., ul. Mokotowska 15B\/1A, 00-640 Warszawa, zwany r\u00f3wnie\u017c Beneficjentem, Realizatorem, Organizatorem b\u0105d\u017a Liderem Projektu.<\/p>\n\n\n\n<p><strong>Partner <\/strong>\u2013 Stowarzyszenie ,,Forum Aktywno\u015bci Spo\u0142ecznej\u2019\u2019, ul. Jana Wasilkowskiego 11, 02-776 Warszawa.<\/p>\n\n\n\n<p><strong>Kandydat\/-ka na Uczestnika\/-czk\u0119 Projektu<\/strong> \u2013 osoba fizyczna (kobieta lub m\u0119\u017cczyzna), kt\u00f3ra z\u0142o\u017cy\u0142a dokumenty rekrutacyjne wymagane na etapie rekrutacji, wskazane w niniejszym Regulaminie.<\/p>\n\n\n\n<p><strong>Uczestnik\/-czka Projektu <\/strong>\u2013 kandydat\/-ka, kt\u00f3ry\/-a zosta\u0142\/-a zakwalifikowany\/-a do projektu, podpisa\u0142\/-a umow\u0119 uczestnictwa i dostarczy\u0142\/-a wszelkie wymagane dokumenty rekrutacyjne i skorzysta\u0142\/-a z co najmniej jednej formy wsparcia w ramach projektu.<\/p>\n\n\n\n<p><strong>Umowa uczestnictwa w projekcie<\/strong> \u2013 oznacza to umow\u0119 zawieran\u0105 pomi\u0119dzy Uczestnikiem\/-czk\u0105 projektu i Realizatorem projektu okre\u015blaj\u0105c\u0105 warunki Uczestnictwa w projekcie, m.in. rodzaj, miejsce i okres realizowanego wsparcia oraz zasady dot. zwrotu koszt\u00f3w dojazdu.<\/p>\n\n\n\n<p><strong>Osoba bezrobotna niezarejestrowana w ewidencji Urz\u0119d\u00f3w Pracy<\/strong> \u2013 oznacza to osob\u0119 pozostaj\u0105c\u0105 bez pracy, gotow\u0105 do podj\u0119cia pracy i aktywnie poszukuj\u0105ca zatrudnienia.<\/p>\n\n\n\n<p><strong>Osoba bierna zawodowo<\/strong> \u2013 oznacza to osob\u0119, kt\u00f3ra w danej chwili nie tworzy zasob\u00f3w si\u0142y roboczej (tzn. nie jest osob\u0105 pracuj\u0105c\u0105 ani bezrobotn\u0105). Za osoby bierne zawodowo uznawani s\u0105 m.in.:<\/p>\n\n\n\n<ul class=\"wp-block-list\">\n<li>studenci studi\u00f3w stacjonarnych, chyba \u017ce s\u0105 ju\u017c zatrudnieni (r\u00f3wnie\u017c na cz\u0119\u015b\u0107 etatu) to w\u00f3wczas powinni by\u0107 wykazywani jako osoby pracuj\u0105ce,<\/li>\n\n\n\n<li>dzieci i m\u0142odzie\u017c do 18 r. \u017c. pobieraj\u0105cy nauk\u0119 o ile nie spe\u0142niaj\u0105 przes\u0142anek na podstawie, kt\u00f3rych mo\u017cna je zaliczy\u0107 do os\u00f3b bezrobotnych lub pracuj\u0105cych,<\/li>\n\n\n\n<li>doktoranci, kt\u00f3rzy nie s\u0105 zatrudnieni na uczelni, w innej instytucji lub przedsi\u0119biorstwie. W przypadku, gdy doktorant wykonuje obowi\u0105zki s\u0142u\u017cbowe, za kt\u00f3re otrzymuje wynagrodzenie, lub prowadzi dzia\u0142alno\u015b\u0107 gospodarcz\u0105 nale\u017cy traktowa\u0107 go jako osob\u0119 pracuj\u0105c\u0105. W przypadku, gdy doktorant jest zarejestrowany jako bezrobotny, nale\u017cy go wykazywa\u0107 we wska\u017aniku dotycz\u0105cym os\u00f3b bezrobotnych.<\/li>\n<\/ul>\n\n\n\n<p><strong>Osoba pracuj\u0105ca \u2013 osoba:<\/strong><\/p>\n\n\n\n<p>a) w wieku od 15 do 89 lat, kt\u00f3ra: wykonuje prac\u0119, za kt\u00f3r\u0105 otrzymuje wynagrodzenie, z kt\u00f3rej czerpie zyski lub korzy\u015bci rodzinne,<\/p>\n\n\n\n<p>b) posiadaj\u0105ca zatrudnienie lub w\u0142asn\u0105 dzia\u0142alno\u015b\u0107, kt\u00f3ra jednak chwilowo nie pracuje (ze wzgl\u0119du na np. chorob\u0119, urlop, sp\u00f3r pracowniczy czy kszta\u0142cenie si\u0119 lub szkolenie) lub<\/p>\n\n\n\n<p>c) produkuj\u0105ca towary rolne, kt\u00f3rych g\u0142\u00f3wna cz\u0119\u015b\u0107 przeznaczona jest na sprzeda\u017c lub barter.<\/p>\n\n\n\n<p>Za osoby pracuj\u0105ce uznaje si\u0119 r\u00f3wnie\u017c:<\/p>\n\n\n\n<p>a) osoby prowadz\u0105ce dzia\u0142alno\u015b\u0107 na w\u0142asny rachunek, czyli prowadz\u0105ce dzia\u0142alno\u015b\u0107 gospodarcz\u0105 lub dzia\u0142alno\u015b\u0107, o kt\u00f3rej mowa w art. 5 ustawy z dnia 6 marca 2018 r. \u2013 Prawo przedsi\u0119biorc\u00f3w (Dz. U. z 2023 r. poz. 221), gospodarstwo rolne lub praktyk\u0119 zawodow\u0105, o ile spe\u0142niony jest jeden z poni\u017cszych warunk\u00f3w:<\/p>\n\n\n\n<p>i) osoba pracuje w swojej dzia\u0142alno\u015bci, praktyce zawodowej lub gospodarstwie rolnym w celu uzyskania dochodu, nawet je\u017celi przedsi\u0119biorstwo nie osi\u0105ga zysk\u00f3w;<\/p>\n\n\n\n<p>ii) osoba po\u015bwi\u0119ca czas na prowadzenie dzia\u0142alno\u015bci gospodarczej, dzia\u0142alno\u015bci, o kt\u00f3rej mowa w art. 5 ustawy z dnia 6 marca 2018 r. \u2013 Prawo przedsi\u0119biorc\u00f3w, praktyki zawodowej czy gospodarstwa rolnego, nawet je\u017celi nie zrealizowano \u017cadnej sprzeda\u017cy lub us\u0142ug i nic nie wyprodukowano (na przyk\u0142ad: rolnik wykonuj\u0105cy prace w celu utrzymania swojego gospodarstwa; architekt sp\u0119dzaj\u0105cy czas w oczekiwaniu na klient\u00f3w w swoim biurze; rybak naprawiaj\u0105cy \u0142\u00f3d\u017a czy siatki rybackie, aby m\u00f3c dalej pracowa\u0107; osoby uczestnicz\u0105ce w konferencjach, konwencjach lub seminariach);<\/p>\n\n\n\n<p>iii) osoba jest w trakcie zak\u0142adania dzia\u0142alno\u015bci gospodarczej, gospodarstwa rolnego lub praktyki zawodowej; zalicza si\u0119 do tego zakup lub instalacj\u0119 sprz\u0119tu, zamawianie towar\u00f3w w ramach przygotowa\u0144 do uruchomienia dzia\u0142alno\u015bci. Bezp\u0142atnie pomagaj\u0105cy cz\u0142onek rodziny uznawany jest za osob\u0119 pracuj\u0105c\u0105, je\u017celi wykonywan\u0105 przez siebie prac\u0105 wnosi bezpo\u015bredni wk\u0142ad w dzia\u0142alno\u015b\u0107 gospodarcz\u0105, gospodarstwo rolne lub praktyk\u0119 zawodow\u0105 b\u0119d\u0105c\u0105 w posiadaniu lub prowadzon\u0105 przez spokrewnionego cz\u0142onka tego samego gospodarstwa domowego;<\/p>\n\n\n\n<p>b) bezp\u0142atnie pomagaj\u0105cego osobie prowadz\u0105cej dzia\u0142alno\u015b\u0107 cz\u0142onka rodziny, kt\u00f3ry jest uznawany za \u201eosob\u0119 prowadz\u0105c\u0105 dzia\u0142alno\u015b\u0107 na w\u0142asny rachunek\u201d;<\/p>\n\n\n\n<p>c) osoby przebywaj\u0105ce na urlopie macierzy\u0144skim\/ rodzicielskim\/ wychowawczym, o kt\u00f3rych mowa w ustawie z dnia 26 czerwca 1974 r. \u2013 Kodeks pracy (Dz. U. z 2022 r. poz. 1510, z p\u00f3\u017an. zm.), chyba \u017ce s\u0105 zarejestrowane ju\u017c jako bezrobotne (w\u00f3wczas status bezrobotnego ma pierwsze\u0144stwo);<\/p>\n\n\n\n<p>d) studenci, kt\u00f3rzy s\u0105 zatrudnieni lub prowadz\u0105 dzia\u0142alno\u015b\u0107 gospodarcz\u0105;<\/p>\n\n\n\n<p>e) osoby skierowane do odbycia zatrudnienia subsydiowanego;<\/p>\n\n\n\n<p><strong>Obywatel pa\u0144stw trzecich<\/strong> \u2013 osoba, kt\u00f3ra nie jest obywatelem pa\u0144stwa cz\u0142onkowskiego UE, w tym bezpa\u0144stwowiec w rozumieniu Konwencji o statusie bezpa\u0144stwowc\u00f3w z dnia 28 sierpnia 1954 r. i osoba bez ustalonego obywatelstwa. Wsparcie w projekcie kierowane jest do os\u00f3b, kt\u00f3re nie posiadaj\u0105 obywatelstwa \u017cadnego z kraj\u00f3w UE ani kraj\u00f3w takich jak: Norwegia, Islandia, Liechtenstein, Szwajcaria.<\/p>\n\n\n\n<p><strong>Pracodawca <\/strong>\u2013 oznacza to zgodnie z Kodeksem Pracy jednostk\u0119 organizacyjn\u0105, cho\u0107by nie posiada\u0142a osobowo\u015bci prawnej, a tak\u017ce osob\u0119 fizyczn\u0105, je\u017celi zatrudniaj\u0105 one pracownik\u00f3w.<\/p>\n\n\n\n<p><strong>Osoba niepe\u0142nosprawna<\/strong> \u2013 osoba niepe\u0142nosprawna w rozumieniu przepis\u00f3w ustawy z dnia 27 sierpnia 1997 r. o rehabilitacji zawodowej i spo\u0142ecznej oraz zatrudnieniu os\u00f3b niepe\u0142nosprawnych (Dz.U. z 2011 r. Nr 127 poz. 721, z p\u00f3\u017an. zm.) lub osoba z zaburzeniami psychicznymi, w rozumieniu ustawy z dnia 19 sierpnia 1994 r. o ochronie zdrowia psychicznego (t.j. Dz.U. z 2016 poz. 546, z p\u00f3\u017an. zm.), tj. osoba z odpowiednim orzeczeniem lub innym dokumentem po\u015bwiadczaj\u0105cym stan zdrowia.<\/p>\n\n\n\n<p><strong>Osoba z wykszta\u0142ceniem co najwy\u017cej \u015brednim I stopnia (ISCED 0-2)<\/strong> \u2013 to osoba, kt\u00f3rej najwy\u017cszy osi\u0105gni\u0119ty poziom wykszta\u0142cenia to wykszta\u0142cenie gimnazjalne lub podstawowe (8 klas szko\u0142y podstawowej) (poziom ISCED 0-2) zgodnie z Mi\u0119dzynarodow\u0105 Standardow\u0105 Klasyfikacj\u0105 Kszta\u0142cenia UNESCO, tj. Osoba uczestnicz\u0105ca we wczesnej edukacji (ISCED0), osoba, kt\u00f3ra uczestniczy lub zako\u0144czy\u0142a edukacj\u0119 najwy\u017cej na poziomie podstawowym (ISCED1-2) i osoba, kt\u00f3ra zako\u0144czy\u0142a edukacj\u0119 najwy\u017cej na poziomie gimnazjalnym (ISCED2), a tak\u017ce osoba, kt\u00f3ra nie osi\u0105gn\u0119\u0142a \u017cadnego poziomu wykszta\u0142cenia (ISCED 0);<\/p>\n\n\n\n<p><strong>Osoba z wykszta\u0142ceniem na poziomie \u015brednim II stopnia (ISCED 3)<\/strong> \u2013 to osoba, kt\u00f3rej najwy\u017cszy osi\u0105gni\u0119ty poziom wykszta\u0142cenia to wykszta\u0142cenie \u015brednie II stopnia \u2013 czyli ponadgimnazjalne lub ponadpodstawowe (poziom ISCED 3) albo wykszta\u0142cenie policealne (ISCED4) zgodnie z Mi\u0119dzynarodow\u0105 Standardow\u0105 Klasyfikacj\u0105 Kszta\u0142cenia UNESCO;<\/p>\n\n\n\n<p><strong>Osoba z wykszta\u0142ceniem wy\u017cszym (ISCED 5-8)<\/strong> \u2013 to osoba, kt\u00f3rej najwy\u017cszy poziom wykszta\u0142cenia to wykszta\u0142cenie wy\u017csze (ISCED 5-8), zgodnie z Mi\u0119dzynarodow\u0105 Standardow\u0105 Klasyfikacj\u0105 Kszta\u0142cenia UNESCO; rozpoczynaj\u0105c od na uko\u0144czonych studiach kr\u00f3tkiego cyklu (ISCED5), przez studia licencjackie i ich odpowiedniki (ISECE6), studia magisterskie i ich odpowiedniki (ISCED7) a\u017c po studia doktoranckie i ich odpowiedniki (ISCED8);<\/p>\n\n\n\n<p><strong>Osoba obj\u0119ta ochron\u0105 czasow\u0105 w Polsce w zwi\u0105zku z wojn\u0105 na Ukrainie<\/strong> \u2013 osoba doros\u0142a, korzystaj\u0105ca w Polsce z ochrony czasowej w zwi\u0105zku z Decyzj\u0105 wykonawcz\u0105 Rady (UE) 2022\/382 z dn. 4 marca 2022 r. stwierdzaj\u0105c\u0105 istnienie masowego nap\u0142ywu wysiedle\u0144c\u00f3w z Ukrainy w rozumieniu art. 5 dyrektywy 2001\/55\/WE i skutkuj\u0105c\u0105 wprowadzeniem tymczasowej ochrony.<\/p>\n\n\n\n<p><strong>Wiek uczestnik\u00f3w projektu<\/strong> jest okre\u015blany na podstawie daty urodzenia i ustalany w dniu rozpocz\u0119cia udzia\u0142u w projekcie za okazaniem Dowodu Osobistego.<\/p>\n\n\n\n<p><strong>Dzie\u0144 przyst\u0105pienia do projektu\/rozpocz\u0119cia udzia\u0142u w projekcie<\/strong> \u2013 dzie\u0144 podpisania umowy uczestnictwa i jednocze\u015bnie dzie\u0144 pierwszej formy wsparcia.<\/p>\n\n\n\n<p><strong>Miejsce zamieszkania<\/strong> \u2013 w rozumieniu art. 25 Kodeksu Cywilnego \u2013 miejscowo\u015b\u0107, w kt\u00f3rej dana osoba przebywa z zamiarem sta\u0142ego pobytu.<\/p>\n\n\n\n<p><strong>Osoba w kryzysie bezdomno\u015bci, dotkni\u0119ta wykluczeniem z dost\u0119pu do mieszka\u0144 lub zagro\u017cona bezdomno\u015bci\u0105<\/strong> \u2013 osoba<\/p>\n\n\n\n<ol style=\"list-style-type:lower-alpha\" class=\"wp-block-list\">\n<li>bezdomna w rozumieniu art. 6 pkt 8 ustawy z dnia 12 marca 2004 r. o pomocy spo\u0142ecznej, czyli osoba niezamieszkuj\u0105ca w lokalu mieszkalnym w rozumieniu przepis\u00f3w o ochronie praw lokator\u00f3w i mieszkaniowym zasobie gminy i niezameldowana na pobyt sta\u0142y, w rozumieniu przepis\u00f3w o ewidencji ludno\u015bci, a tak\u017ce osoba niezamieszkuj\u0105ca w lokalu mieszkalnym i zameldowane na pobyt sta\u0142y w lokalu, w kt\u00f3rym nie ma mo\u017cliwo\u015bci zamieszkania,<\/li>\n\n\n\n<li>znajduj\u0105ca si\u0119 w sytuacjach okre\u015blonych w Europejskiej Typologii Bezdomno\u015bci i Wykluczenia Mieszkaniowego ETHOS w kategoriach operacyjnych: bez dachu nad g\u0142ow\u0105, bez mieszkania, w niezabezpieczonym mieszkaniu, w nieodpowiednim mieszkaniu,<\/li>\n\n\n\n<li>zagro\u017cona bezdomno\u015bci\u0105 \u2013 osoba znajduj\u0105ca si\u0119 w sytuacji wykluczenia mieszkaniowego zgodnie z typologi\u0105 ETHOS, osoba bezpo\u015brednio zagro\u017cona eksmisj\u0105 lub utrat\u0105 mieszkania, a tak\u017ce osoba wcze\u015bniej do\u015bwiadczaj\u0105ca bezdomno\u015bci, zamieszkuj\u0105ca mieszkanie i potrzebuj\u0105ca wsparcia w utrzymaniu mieszkania.<\/li>\n<\/ol>\n\n\n\n<p><strong>PIW EQUAL (Program Inicjatywy Wsp\u00f3lnotowej)<\/strong> &#8211; Model edukacyjny na rzecz os\u00f3b ubiegaj\u0105cych si\u0119 o nadanie statusu uchod\u017acy obejmuje dwa elementy: pakiet informacyjny oraz zestaw szkoleniowy. Pakiet informacyjny, przeznaczony dla cudzoziemc\u00f3w, dostarcza kompleksowych informacji umo\u017cliwiaj\u0105cych integracj\u0119 spo\u0142eczn\u0105 i zawodow\u0105 w Polsce, m.in.: wiadomo\u015bci dotycz\u0105ce historii, kultury, geografii, \u017cycia spo\u0142ecznego, podstaw praw pracowniczych, mo\u017cliwo\u015bci zdobycia zatrudnienia, uzyskania wsparcia pa\u0144stwa w tym zakresie, dzia\u0142ania systemu opieki spo\u0142ecznej, edukacji i s\u0142u\u017cby zdrowia. Pakiet zawiera r\u00f3wnie\u017c informacje na temat gramatyki j\u0119zyka polskiego. Materia\u0142y s\u0105 przygotowane w dw\u00f3ch wersjach j\u0119zykowych &#8211; polskiej i rosyjskiej, ale mo\u017cliwe jest r\u00f3wnie\u017c dostosowanie ich do potrzeb innych grup j\u0119zykowych.<\/p>\n","protected":false},"excerpt":{"rendered":"<p>Projekt &#8211; \u201ePraca \u2013 klucz do integracji\u201d realizowanym na terenie wojew\u00f3dztwa wielkopolskiego\u00a0w ramach Programu Fundusze Europejskie dla Wielkopolski 2021-2027 wsp\u00f3\u0142finansowanego ze \u015brodk\u00f3w Europejskiego Funduszu Spo\u0142ecznego Plus w ramach konkursu nr FEWP.06.12-IP.01-002\/23, og\u0142oszonego w ramach Osi Priorytetowej 6.; Dzia\u0142anie 6.12 Integracja spo\u0142eczno-gospodarcza obywateli pa\u0144stw trzecich, w tym migrant\u00f3w; Projektodawca \u2013 7 Cubes Sp. z o.o., ul. &hellip; <a href=\"http:\/\/pracaklucz.7cubes.pl\/?page_id=15\" class=\"more-link\">Continue reading<span class=\"screen-reader-text\"> &#8220;S\u0141OWNIK POJ\u0118\u0106&#8221;<\/span><\/a><\/p>\n","protected":false},"author":1,"featured_media":0,"parent":0,"menu_order":0,"comment_status":"closed","ping_status":"closed","template":"","meta":{"footnotes":""},"class_list":["post-15","page","type-page","status-publish","hentry"],"_links":{"self":[{"href":"http:\/\/pracaklucz.7cubes.pl\/index.php?rest_route=\/wp\/v2\/pages\/15","targetHints":{"allow":["GET"]}}],"collection":[{"href":"http:\/\/pracaklucz.7cubes.pl\/index.php?rest_route=\/wp\/v2\/pages"}],"about":[{"href":"http:\/\/pracaklucz.7cubes.pl\/index.php?rest_route=\/wp\/v2\/types\/page"}],"author":[{"embeddable":true,"href":"http:\/\/pracaklucz.7cubes.pl\/index.php?rest_route=\/wp\/v2\/users\/1"}],"replies":[{"embeddable":true,"href":"http:\/\/pracaklucz.7cubes.pl\/index.php?rest_route=%2Fwp%2Fv2%2Fcomments&post=15"}],"version-history":[{"count":2,"href":"http:\/\/pracaklucz.7cubes.pl\/index.php?rest_route=\/wp\/v2\/pages\/15\/revisions"}],"predecessor-version":[{"id":52,"href":"http:\/\/pracaklucz.7cubes.pl\/index.php?rest_route=\/wp\/v2\/pages\/15\/revisions\/52"}],"wp:attachment":[{"href":"http:\/\/pracaklucz.7cubes.pl\/index.php?rest_route=%2Fwp%2Fv2%2Fmedia&parent=15"}],"curies":[{"name":"wp","href":"https:\/\/api.w.org\/{rel}","templated":true}]}}